{"id":26,"date":"2020-04-12T15:42:38","date_gmt":"2020-04-12T15:42:38","guid":{"rendered":"http:\/\/imuno-srbija.com\/data-science\/?page_id=26"},"modified":"2020-11-26T13:28:07","modified_gmt":"2020-11-26T13:28:07","slug":"become-a-member","status":"publish","type":"page","link":"https:\/\/imuno-srbija.com\/data-science\/en\/become-a-member\/","title":{"rendered":"Become a member"},"content":{"rendered":"<!--themify_builder_content-->\n<div id=\"themify_builder_content-26\" data-postid=\"26\" class=\"themify_builder_content themify_builder_content-26 themify_builder tf_clear\">\n    \t<!-- module_row -->\n\t<div  data-lazy=\"1\" class=\"module_row themify_builder_row repeat tb_845v501 tb_first tf_clearfix\" >\n\t    \t\t<div class=\"row_inner col_align_top tf_box tf_w tf_rel\">\n\t\t\t<div  data-lazy=\"1\" class=\"module_column tb-column col4-2 first tb_v899501 tf_box\">\n\t    \t    \t        <div class=\"tb-column-inner tf_box tf_w\">\n\t\t    <!-- module text -->\n<div  class=\"module module-text tb_qmz2134\" data-lazy=\"1\">\n            <div  class=\"tb_text_wrap\">\n    <h2>Become a member<\/h2>    <\/div>\n<\/div>\n<!-- \/module text --><!-- module text -->\n<div  class=\"module module-text tb_t13y41\" data-lazy=\"1\">\n            <div  class=\"tb_text_wrap\">\n    <p dir=\"ltr\">If you want to become our member, you need to fill out the form on this page. Membership provides many opportunities to share information that foster new ideas and research, promote best practices, and build lasting relationships with professionals and enthusiasts, from Serbia and worldwide.<\/p>\n<p dir=\"ltr\">Connect with people who share your interests. Data Science Serbia tries to help everyone to be always informed, to exchange experiences and expand both professional and personal horizons.<\/p>\n<p dir=\"ltr\">If you want your company as a member, you can write to us at <a href=\"mailto:info@datascience.rs\" target=\"_blank\" rel=\"noopener\">info@datascience.rs<\/a> and take the first step.<\/p>\n<p dir=\"ltr\">Join us on these platforms:<\/p>\n<ol>\n<li dir=\"ltr\">\n<p dir=\"ltr\"><a href=\"https:\/\/www.meetup.com\/Data-Science-Serbia\/\" target=\"_blank\" rel=\"noopener\" data-saferedirecturl=\"https:\/\/www.google.com\/url?q=https:\/\/www.meetup.com\/Data-Science-Serbia\/&amp;source=gmail&amp;ust=1594913729222000&amp;usg=AFQjCNEgWld2Ed2dYLHBxDduE7ddNvdbTA\">https:\/\/www.meetup.com\/Data-<wbr \/>Science-Serbia\/<\/a><\/p>\n<\/li>\n<li dir=\"ltr\">\n<p dir=\"ltr\"><a href=\"https:\/\/www.facebook.com\/groups\/DataScienceSrbija\/\" target=\"_blank\" rel=\"noopener\" data-saferedirecturl=\"https:\/\/www.google.com\/url?q=https:\/\/www.facebook.com\/groups\/DataScienceSrbija\/&amp;source=gmail&amp;ust=1594913729222000&amp;usg=AFQjCNGylGx_F8uyXviJ_AewCd0n8fJk-Q\">https:\/\/www.facebook.com\/<wbr \/>groups\/DataScienceSrbija\/<\/a><\/p>\n<\/li>\n<li dir=\"ltr\">\n<p dir=\"ltr\"><a href=\"https:\/\/www.linkedin.com\/company\/data-science-srbija\/\" target=\"_blank\" rel=\"noopener\" data-saferedirecturl=\"https:\/\/www.google.com\/url?q=https:\/\/www.linkedin.com\/company\/data-science-srbija\/&amp;source=gmail&amp;ust=1594913729222000&amp;usg=AFQjCNHb5MprkVPwhCM6zQnEWJtUURQ_zg\">https:\/\/www.linkedin.com\/<wbr \/>company\/data-science-srbija\/<\/a><\/p>\n<\/li>\n<li dir=\"ltr\">\n<p dir=\"ltr\"><a href=\"https:\/\/www.meetup.com\/Quantum-Serbia\/\" target=\"_blank\" rel=\"noopener\" data-saferedirecturl=\"https:\/\/www.google.com\/url?q=https:\/\/www.meetup.com\/Quantum-Serbia\/&amp;source=gmail&amp;ust=1594913729222000&amp;usg=AFQjCNFB6isINr8OBXHez6t7O4Kk9csZjQ\">https:\/\/www.meetup.com\/<wbr \/>Quantum-Serbia\/<\/a><\/p>\n<\/li>\n<\/ol>\n<p>\u00a0<\/p>\n<h4 dir=\"ltr\">Membership Benefits<\/h4>\n<ul>\n<li dir=\"ltr\">\n<p dir=\"ltr\">Possibility to participate\/lecture at various events such as meetups, webinars, conferences, round tables, podcasts.<\/p>\n<\/li>\n<li dir=\"ltr\">\n<p dir=\"ltr\">Acquiring new contacts and opportunities for training and personal development as well as for new business ventures or mentorships<\/p>\n<\/li>\n<li dir=\"ltr\">\n<p dir=\"ltr\">Networking - development of a professional network of contacts<\/p>\n<\/li>\n<li dir=\"ltr\">\n<p dir=\"ltr\">Exchange of knowledge, experiences, good practice examples<\/p>\n<\/li>\n<li dir=\"ltr\">\n<p dir=\"ltr\">Personal or company promotion<\/p>\n<\/li>\n<\/ul>    <\/div>\n<\/div>\n<!-- \/module text -->\t        <\/div>\n\t    \t<\/div>\n\t\t<div  data-lazy=\"1\" class=\"module_column tb-column col4-2 last tb_nrzx787 tf_box\">\n\t    \t    \t        <div class=\"tb-column-inner tf_box tf_w\">\n\t\t    <!-- module text -->\n<div  class=\"module module-text tb_iilr663\" data-lazy=\"1\" id=\"become-a-member-form\">\n            <div  class=\"tb_text_wrap\">\n    <div role=\"form\" class=\"wpcf7\" id=\"wpcf7-f310-o1\" lang=\"en-US\" dir=\"ltr\">\n<div class=\"screen-reader-response\"><p role=\"status\" aria-live=\"polite\" aria-atomic=\"true\"><\/p> <ul><\/ul><\/div>\n<form action=\"\/data-science\/en\/wp-json\/wp\/v2\/pages\/26#wpcf7-f310-o1\" method=\"post\" class=\"wpcf7-form init\" novalidate=\"novalidate\" data-status=\"init\" data-trp-original-action=\"\/data-science\/en\/wp-json\/wp\/v2\/pages\/26#wpcf7-f310-o1\">\n<div style=\"display: none;\">\n<input type=\"hidden\" name=\"_wpcf7\" value=\"310\" \/>\n<input type=\"hidden\" name=\"_wpcf7_version\" value=\"5.3.2\" \/>\n<input type=\"hidden\" name=\"_wpcf7_locale\" value=\"en_US\" \/>\n<input type=\"hidden\" name=\"_wpcf7_unit_tag\" value=\"wpcf7-f310-o1\" \/>\n<input type=\"hidden\" name=\"_wpcf7_container_post\" value=\"0\" \/>\n<input type=\"hidden\" name=\"_wpcf7_posted_data_hash\" value=\"\" \/>\n<input type=\"hidden\" name=\"_wpcf7cf_hidden_group_fields\" value=\"\" \/>\n<input type=\"hidden\" name=\"_wpcf7cf_hidden_groups\" value=\"\" \/>\n<input type=\"hidden\" name=\"_wpcf7cf_visible_groups\" value=\"\" \/>\n<input type=\"hidden\" name=\"_wpcf7cf_repeaters\" value=\"[]\" \/>\n<input type=\"hidden\" name=\"_wpcf7cf_steps\" value=\"{}\" \/>\n<input type=\"hidden\" name=\"_wpcf7cf_options\" value=\"{&quot;form_id&quot;:310,&quot;conditions&quot;:[{&quot;then_field&quot;:&quot;stepenother&quot;,&quot;and_rules&quot;:[{&quot;if_field&quot;:&quot;Stepenobrazovanja&quot;,&quot;operator&quot;:&quot;equals&quot;,&quot;if_value&quot;:&quot;Other&quot;},{&quot;if_field&quot;:&quot;-1&quot;,&quot;operator&quot;:&quot;equals&quot;,&quot;if_value&quot;:&quot;&quot;}]},{&quot;then_field&quot;:&quot;zanimanjeother&quot;,&quot;and_rules&quot;:[{&quot;if_field&quot;:&quot;Zanimanje&quot;,&quot;operator&quot;:&quot;equals&quot;,&quot;if_value&quot;:&quot;Other&quot;}]},{&quot;then_field&quot;:&quot;clanstvoother&quot;,&quot;and_rules&quot;:[{&quot;if_field&quot;:&quot;Clanstvo&quot;,&quot;operator&quot;:&quot;equals&quot;,&quot;if_value&quot;:&quot;Other&quot;}]}],&quot;settings&quot;:{&quot;animation&quot;:&quot;yes&quot;,&quot;animation_intime&quot;:200,&quot;animation_outtime&quot;:200,&quot;conditions_ui&quot;:&quot;normal&quot;,&quot;notice_dismissed&quot;:false}}\" \/>\n<\/div>\n<p>Name and surname (required field)<br \/>\n<span class=\"wpcf7-form-control-wrap Ime\"><input type=\"text\" name=\"Ime\" value=\"\" size=\"40\" class=\"wpcf7-form-control wpcf7-text wpcf7-validates-as-required\" aria-required=\"true\" aria-invalid=\"false\" placeholder=\"Name and surname*\" \/><\/span><br \/>\nEmail (required field)<br \/>\n<span class=\"wpcf7-form-control-wrap Email\"><input type=\"email\" name=\"Email\" value=\"\" size=\"40\" class=\"wpcf7-form-control wpcf7-text wpcf7-email wpcf7-validates-as-required wpcf7-validates-as-email\" aria-required=\"true\" aria-invalid=\"false\" placeholder=\"Email*\" \/><\/span><br \/>\nDate of Birth<br \/>\n<span class=\"wpcf7-form-control-wrap Datumrodjenja\"><input type=\"date\" name=\"Datumrodjenja\" value=\"\" class=\"wpcf7-form-control wpcf7-date wpcf7-validates-as-date\" aria-invalid=\"false\" placeholder=\"Date of Birth\" \/><\/span><br \/>\nEducation<br \/>\n<span class=\"wpcf7-form-control-wrap Stepenobrazovanja\"><span class=\"wpcf7-form-control wpcf7-radio\"><span class=\"wpcf7-list-item first\"><label><input type=\"radio\" name=\"Stepenobrazovanja\" value=\"Srednja \u0161kola\" checked=\"checked\" \/><span class=\"wpcf7-list-item-label\">High School<\/span><\/label><\/span><span class=\"wpcf7-list-item\"><label><input type=\"radio\" name=\"Stepenobrazovanja\" value=\"Student\" \/><span class=\"wpcf7-list-item-label\">The student<\/span><\/label><\/span><span class=\"wpcf7-list-item\"><label><input type=\"radio\" name=\"Stepenobrazovanja\" value=\"Osnovne akademske studije\" \/><span class=\"wpcf7-list-item-label\">Bachelor's Degree<\/span><\/label><\/span><span class=\"wpcf7-list-item\"><label><input type=\"radio\" name=\"Stepenobrazovanja\" value=\"Master akademske studije\" \/><span class=\"wpcf7-list-item-label\">Master of Academic Studies<\/span><\/label><\/span><span class=\"wpcf7-list-item\"><label><input type=\"radio\" name=\"Stepenobrazovanja\" value=\"Doktorske akademske studije\" \/><span class=\"wpcf7-list-item-label\">PhD degree<\/span><\/label><\/span><span class=\"wpcf7-list-item last\"><label><input type=\"radio\" name=\"Stepenobrazovanja\" value=\"Other\" \/><span class=\"wpcf7-list-item-label\">Other<\/span><\/label><\/span><\/span><\/span><\/p>\n<div data-id=\"stepenother\" data-orig_data_id=\"stepenother\"  data-class=\"wpcf7cf_group\">\n<label>Education <span class=\"wpcf7-form-control-wrap otherobrazovanje\"><input type=\"text\" name=\"otherobrazovanje\" value=\"\" size=\"40\" class=\"wpcf7-form-control wpcf7-text\" aria-invalid=\"false\" \/><\/span><\/label>\n<\/div>\n<p>Employment Status<br \/>\n<span class=\"wpcf7-form-control-wrap Radnistatus\"><span class=\"wpcf7-form-control wpcf7-radio\"><span class=\"wpcf7-list-item first\"><label><input type=\"radio\" name=\"Radnistatus\" value=\"Student\" checked=\"checked\" \/><span class=\"wpcf7-list-item-label\">The student<\/span><\/label><\/span><span class=\"wpcf7-list-item\"><label><input type=\"radio\" name=\"Radnistatus\" value=\"Zaposlen\" \/><span class=\"wpcf7-list-item-label\">Employed<\/span><\/label><\/span><span class=\"wpcf7-list-item\"><label><input type=\"radio\" name=\"Radnistatus\" value=\"Vlasnik kompanije\" \/><span class=\"wpcf7-list-item-label\">Company owner<\/span><\/label><\/span><span class=\"wpcf7-list-item last\"><label><input type=\"radio\" name=\"Radnistatus\" value=\"Freelancer\" \/><span class=\"wpcf7-list-item-label\">Freelancer<\/span><\/label><\/span><\/span><\/span><br \/>\nProfessional interests (multiple answers can be selected)<br \/>\n<span class=\"wpcf7-form-control-wrap Zanimanje\"><span class=\"wpcf7-form-control wpcf7-checkbox\"><span class=\"wpcf7-list-item first\"><label><input type=\"checkbox\" name=\"Zanimanje[]\" value=\"AI\" \/><span class=\"wpcf7-list-item-label\">AI<\/span><\/label><\/span><span class=\"wpcf7-list-item\"><label><input type=\"checkbox\" name=\"Zanimanje[]\" value=\"Big data\" \/><span class=\"wpcf7-list-item-label\">Big Data<\/span><\/label><\/span><span class=\"wpcf7-list-item\"><label><input type=\"checkbox\" name=\"Zanimanje[]\" value=\"Open Data\" \/><span class=\"wpcf7-list-item-label\">Open Data<\/span><\/label><\/span><span class=\"wpcf7-list-item\"><label><input type=\"checkbox\" name=\"Zanimanje[]\" value=\"NLP\" \/><span class=\"wpcf7-list-item-label\">NLP<\/span><\/label><\/span><span class=\"wpcf7-list-item\"><label><input type=\"checkbox\" name=\"Zanimanje[]\" value=\"Machine learning\" \/><span class=\"wpcf7-list-item-label\">Machine learning<\/span><\/label><\/span><span class=\"wpcf7-list-item last\"><label><input type=\"checkbox\" name=\"Zanimanje[]\" value=\"Other\" \/><span class=\"wpcf7-list-item-label\">Other<\/span><\/label><\/span><\/span><\/span><\/p>\n<div data-id=\"zanimanjeother\" data-orig_data_id=\"zanimanjeother\"  data-class=\"wpcf7cf_group\">\n<label>Other<span class=\"wpcf7-form-control-wrap otherzanimanje\"><input type=\"text\" name=\"otherzanimanje\" value=\"\" size=\"40\" class=\"wpcf7-form-control wpcf7-text\" aria-invalid=\"false\" \/><\/span><\/label>\n<\/div>\n<p>Why do you want to become a member?<br \/>\n<span class=\"wpcf7-form-control-wrap Clanstvo\"><span class=\"wpcf7-form-control wpcf7-radio\"><span class=\"wpcf7-list-item first\"><label><input type=\"radio\" name=\"Clanstvo\" value=\"Mogu\u0107nost u\u010de\u0161\u0107a\/prezentovanja na razli\u010ditim doga\u0111ajima poput meetupa, webinara, konferencija\" checked=\"checked\" \/><span class=\"wpcf7-list-item-label\">Possibility to participate\/lecture at various events such as meetups, webinars, conferences<\/span><\/label><\/span><span class=\"wpcf7-list-item\"><label><input type=\"radio\" name=\"Clanstvo\" value=\"Sticanje novih kontakta i prilika kako za usavr\u0161avanje i li\u010dni razvoj tako i za nove poslovne poduhvate ili mentorstva\" \/><span class=\"wpcf7-list-item-label\">Acquiring new contacts and opportunities for training and personal development as well as for new business ventures or mentorships<\/span><\/label><\/span><span class=\"wpcf7-list-item\"><label><input type=\"radio\" name=\"Clanstvo\" value=\"Networking\" \/><span class=\"wpcf7-list-item-label\">Networking<\/span><\/label><\/span><span class=\"wpcf7-list-item\"><label><input type=\"radio\" name=\"Clanstvo\" value=\"Razmena znanja, iskustava, primera dobre prakse\" \/><span class=\"wpcf7-list-item-label\">Exchange of knowledge, experiences, good practice examples<\/span><\/label><\/span><span class=\"wpcf7-list-item\"><label><input type=\"radio\" name=\"Clanstvo\" value=\"Li\u010dna ili kompanijska promocija\" \/><span class=\"wpcf7-list-item-label\">Personal or company promotion<\/span><\/label><\/span><span class=\"wpcf7-list-item\"><label><input type=\"radio\" name=\"Clanstvo\" value=\"U\u010denje\" \/><span class=\"wpcf7-list-item-label\">Learning<\/span><\/label><\/span><span class=\"wpcf7-list-item last\"><label><input type=\"radio\" name=\"Clanstvo\" value=\"Other\" \/><span class=\"wpcf7-list-item-label\">Other<\/span><\/label><\/span><\/span><\/span><\/p>\n<div data-id=\"clanstvoother\" data-orig_data_id=\"clanstvoother\"  data-class=\"wpcf7cf_group\">\n<label>Write the reason<span class=\"wpcf7-form-control-wrap otherclanstvo\"><input type=\"text\" name=\"otherclanstvo\" value=\"\" size=\"40\" class=\"wpcf7-form-control wpcf7-text\" aria-invalid=\"false\" \/><\/span><\/label>\n<\/div>\n<p><input type=\"submit\" value=\"Send\" class=\"wpcf7-form-control wpcf7-submit form-submit-btn\" \/><\/p>\n<div class=\"wpcf7-response-output\" aria-hidden=\"true\"><\/div><input type=\"hidden\" name=\"trp-form-language\" value=\"en\"\/><\/form><\/div>    <\/div>\n<\/div>\n<!-- \/module text -->\t        <\/div>\n\t    \t<\/div>\n\t\t    <\/div>\n\t    <!-- \/row_inner -->\n\t<\/div>\n\t<!-- \/module_row -->\n\t<\/div>\n<!--\/themify_builder_content-->","protected":false},"excerpt":{"rendered":"","protected":false},"author":1,"featured_media":0,"parent":0,"menu_order":0,"comment_status":"closed","ping_status":"closed","template":"","meta":[],"_links":{"self":[{"href":"https:\/\/imuno-srbija.com\/data-science\/en\/wp-json\/wp\/v2\/pages\/26"}],"collection":[{"href":"https:\/\/imuno-srbija.com\/data-science\/en\/wp-json\/wp\/v2\/pages"}],"about":[{"href":"https:\/\/imuno-srbija.com\/data-science\/en\/wp-json\/wp\/v2\/types\/page"}],"author":[{"embeddable":true,"href":"https:\/\/imuno-srbija.com\/data-science\/en\/wp-json\/wp\/v2\/users\/1"}],"replies":[{"embeddable":true,"href":"https:\/\/imuno-srbija.com\/data-science\/en\/wp-json\/wp\/v2\/comments?post=26"}],"version-history":[{"count":5,"href":"https:\/\/imuno-srbija.com\/data-science\/en\/wp-json\/wp\/v2\/pages\/26\/revisions"}],"predecessor-version":[{"id":439,"href":"https:\/\/imuno-srbija.com\/data-science\/en\/wp-json\/wp\/v2\/pages\/26\/revisions\/439"}],"wp:attachment":[{"href":"https:\/\/imuno-srbija.com\/data-science\/en\/wp-json\/wp\/v2\/media?parent=26"}],"curies":[{"name":"wp","href":"https:\/\/api.w.org\/{rel}","templated":true}]}}