{"id":2059,"date":"2021-03-02T14:30:11","date_gmt":"2021-03-02T14:30:11","guid":{"rendered":"http:\/\/imuno-srbija.com\/data-science\/?page_id=2059"},"modified":"2021-03-02T17:06:39","modified_gmt":"2021-03-02T17:06:39","slug":"svi-clanovi","status":"publish","type":"page","link":"http:\/\/imuno-srbija.com\/data-science\/svi-clanovi\/","title":{"rendered":"Svi \u010dlanovi"},"content":{"rendered":"<!--themify_builder_content-->\n<div id=\"themify_builder_content-2059\" data-postid=\"2059\" class=\"themify_builder_content themify_builder_content-2059 themify_builder tf_clear\">\n    \t<!-- module_row -->\n\t<div  data-lazy=\"1\" class=\"module_row themify_builder_row tb_vllc585 tb_first tf_clearfix\">\n\t    \t\t<div class=\"row_inner col_align_top tf_box tf_w tf_rel\">\n\t\t\t<div  data-lazy=\"1\" class=\"module_column tb-column col-full first tb_vh40590 tf_box\">\n\t    \t    \t        <div class=\"tb-column-inner tf_box tf_w\">\n\t\t    <!-- module text -->\n<div  class=\"module module-text tb_hze0399   \" data-lazy=\"1\">\n            <div  class=\"tb_text_wrap\">\n    <h1 style=\"text-align: center;\">Pojedinci<\/h1>    <\/div>\n<\/div>\n<!-- \/module text -->\t        <\/div>\n\t    \t<\/div>\n\t\t    <\/div>\n\t    <!-- \/row_inner -->\n\t<\/div>\n\t<!-- \/module_row -->\n\t\t<!-- module_row -->\n\t<div  data-lazy=\"1\" class=\"module_row themify_builder_row tb_5sip630 tf_clearfix\">\n\t    \t\t<div class=\"row_inner col_align_top tf_box tf_w tf_rel\">\n\t\t\t<div  data-lazy=\"1\" class=\"module_column tb-column col-full first tb_towh635 tf_box\">\n\t    \t    \t        <div class=\"tb-column-inner tf_box tf_w\">\n\t\t    <!-- module post -->\n<div  class=\"module module-portfolio tb_94da951 \">\n        <div  class=\"builder-posts-wrap loops-wrapper portfolio grid3 classic tf_clear tf_clearfix\" data-lazy=\"1\">\n\t<article id=\"portfolio-348\" class=\"post tf_clearfix portfolio-post cat-6 post-348 portfolio type-portfolio status-publish has-post-thumbnail hentry portfolio-category-individuals has-post-title no-post-date has-post-category has-post-tag has-post-comment has-post-author \">\n\t\n\t\n\t\t\t<a href=\"http:\/\/imuno-srbija.com\/data-science\/project\/valentina-dordevic\/\" aria-label=\"Valentina \u0110or\u0111evi\u0107\" data-post-permalink=\"yes\" style=\"display: none;\"><\/a>\n\t    \t\t\t<figure class=\"post-image tf_clearfix\">\n\t\t\t    \t\t\t\t\t\t\t\t<a href=\"http:\/\/imuno-srbija.com\/data-science\/project\/valentina-dordevic\/\">\n\t\t\t\t\t\t\t\t<img src=\"http:\/\/imuno-srbija.com\/data-science\/wp-content\/uploads\/2020\/06\/valentina_djordjevic-200x300.jpg\" height=\"300\" class=\"wp-post-image wp-image-349\" title=\"valentina_djordjevic\" alt=\"valentina_djordjevic\" srcset=\"http:\/\/imuno-srbija.com\/data-science\/wp-content\/uploads\/2020\/06\/valentina_djordjevic-200x300.jpg 200w, http:\/\/imuno-srbija.com\/data-science\/wp-content\/uploads\/2020\/06\/valentina_djordjevic-233x350.jpg 233w, http:\/\/imuno-srbija.com\/data-science\/wp-content\/uploads\/2020\/06\/valentina_djordjevic-166x250.jpg 166w, http:\/\/imuno-srbija.com\/data-science\/wp-content\/uploads\/2020\/06\/valentina_djordjevic-240x360.jpg 240w, http:\/\/imuno-srbija.com\/data-science\/wp-content\/uploads\/2020\/06\/valentina_djordjevic-226x340.jpg 226w, http:\/\/imuno-srbija.com\/data-science\/wp-content\/uploads\/2020\/06\/valentina_djordjevic.jpg 600w\" sizes=\"(max-width: 200px) 100vw, 200px\" \/>\t\t\t\t\t\t\t\t    \t\t\t\t<\/a>\n\t\t\t\t\t\t\t    \t\t\t<\/figure>\n\t\t\t\n\t<div class=\"post-content\">\n\n\t\t\n\t\t\t<div class=\"post-content-inner\">\n\n\t\t\t\t\t\t\n\t\t\t\t\t\t\n\t\t\t\t\t\t<h2 class=\"post-title entry-title\"><a href=\"http:\/\/imuno-srbija.com\/data-science\/project\/valentina-dordevic\/\">Valentina \u0110or\u0111evi\u0107<\/a><\/h2>\n\t\t\n\t\t\t<div class=\"entry-content\">\n\n\t    \n\t\t<p>Head of Data Science &#8211; Things Solver Valentina \u0110or\u0111evi\u0107\u00a0je veliki zaljubljenik u Data Science. Kao diplomirani FON-ovac, susrela se sa izazovom da svoja (tada nepomiriva) interesovanja upakuje u jedinstvenu ma\u0161ineriju za kr\u010denje karijernog puta. Ipak, ona je prava \u201clisica\u201d kada govorimo o oblastima koje je zanimaju, pa ne sumnjamo da joj je upravo to dalo [&hellip;]<\/p>\n\n\t\t\t    \n\t\t    <p><a href=\"http:\/\/imuno-srbija.com\/data-science\/project\/valentina-dordevic\/\" class=\"more-link\">Nastavi \u010ditanje<\/a><\/p>\n\n\t\t\n\t    \n\t<\/div><!-- \/.entry-content -->\n\t\n\t\t\n\t\t\t<\/div>\n\t\t\t<!-- \/.post-content-inner -->\n\t\t\n\t<\/div>\n\t<!-- \/.post-content -->\n\t<\/article>\n<!-- \/.post -->\n    <\/div><!-- .builder-posts-wrap -->\n        <\/div>\n<!-- \/module post -->\n<!-- module text -->\n<div  class=\"module module-text tb_p6jy351   \" data-lazy=\"1\">\n            <div  class=\"tb_text_wrap\">\n    <h1 style=\"text-align: center;\">Kompanije<\/h1>    <\/div>\n<\/div>\n<!-- \/module text --><!-- module post -->\n<div  class=\"module module-portfolio tb_lkbc913 \">\n        <div  class=\"builder-posts-wrap loops-wrapper portfolio grid3 classic tf_clear tf_clearfix\" data-lazy=\"1\">\n\t<article id=\"portfolio-391\" class=\"post tf_clearfix portfolio-post cat-7 post-391 portfolio type-portfolio status-publish has-post-thumbnail hentry portfolio-category-companies has-post-title no-post-date has-post-category has-post-tag has-post-comment has-post-author \">\n\t\n\t\n\t\t\t<a href=\"http:\/\/imuno-srbija.com\/data-science\/project\/things-solver\/\" aria-label=\"Things Solver\" data-post-permalink=\"yes\" style=\"display: none;\"><\/a>\n\t    \t\t\t<figure class=\"post-image tf_clearfix\">\n\t\t\t    \t\t\t\t\t\t\t\t<a href=\"http:\/\/imuno-srbija.com\/data-science\/project\/things-solver\/\">\n\t\t\t\t\t\t\t\t<img src=\"http:\/\/imuno-srbija.com\/data-science\/wp-content\/uploads\/2020\/07\/things-solver-logo-1-300x300.png\" height=\"300\" class=\"wp-post-image wp-image-394\" title=\"things-solver-logo\" alt=\"things-solver-logo\" srcset=\"http:\/\/imuno-srbija.com\/data-science\/wp-content\/uploads\/2020\/07\/things-solver-logo-1-300x300.png 300w, http:\/\/imuno-srbija.com\/data-science\/wp-content\/uploads\/2020\/07\/things-solver-logo-1-150x150.png 150w, http:\/\/imuno-srbija.com\/data-science\/wp-content\/uploads\/2020\/07\/things-solver-logo-1-350x350.png 350w, http:\/\/imuno-srbija.com\/data-science\/wp-content\/uploads\/2020\/07\/things-solver-logo-1-360x360.png 360w, http:\/\/imuno-srbija.com\/data-science\/wp-content\/uploads\/2020\/07\/things-solver-logo-1.png 600w\" sizes=\"(max-width: 300px) 100vw, 300px\" \/>\t\t\t\t\t\t\t\t    \t\t\t\t<\/a>\n\t\t\t\t\t\t\t    \t\t\t<\/figure>\n\t\t\t\n\t<div class=\"post-content\">\n\n\t\t\n\t\t\t<div class=\"post-content-inner\">\n\n\t\t\t\t\t\t\n\t\t\t\t\t\t\n\t\t\t\t\t\t<h2 class=\"post-title entry-title\"><a href=\"http:\/\/imuno-srbija.com\/data-science\/project\/things-solver\/\">Things Solver<\/a><\/h2>\n\t\t\n\t\t\t<div class=\"entry-content\">\n\n\t    \n\t\t<p>Sa idejom da osnuju kompaniju \u010dija \u0107e misija biti izvla\u010denje akcionih uvida iz podataka, kreiranje najboljih data proizvoda, sve u cilju stvaranja poslovne vrednosti za klijente, Darko i Milo\u0161 su 2015. godine osnovali Things Solver. Things Solver gleda na Data Science kao pristup koji unapre\u0111uje proces donosenja poslovnih odluka, dok algoritmi mogu biti sna\u017ean prediktivni [&hellip;]<\/p>\n\n\t\t\t    \n\t\t    <p><a href=\"http:\/\/imuno-srbija.com\/data-science\/project\/things-solver\/\" class=\"more-link\">Nastavi \u010ditanje<\/a><\/p>\n\n\t\t\n\t    \n\t<\/div><!-- \/.entry-content -->\n\t\n\t\t\n\t\t\t<\/div>\n\t\t\t<!-- \/.post-content-inner -->\n\t\t\n\t<\/div>\n\t<!-- \/.post-content -->\n\t<\/article>\n<!-- \/.post -->\n<article id=\"portfolio-353\" class=\"post tf_clearfix portfolio-post cat-7 post-353 portfolio type-portfolio status-publish has-post-thumbnail hentry portfolio-category-companies has-post-title no-post-date has-post-category has-post-tag has-post-comment has-post-author \">\n\t\n\t\n\t\t\t<a href=\"http:\/\/imuno-srbija.com\/data-science\/project\/content-insights\/\" aria-label=\"Content Insights\" data-post-permalink=\"yes\" style=\"display: none;\"><\/a>\n\t    \t\t\t<figure class=\"post-image tf_clearfix\">\n\t\t\t    \t\t\t\t\t\t\t\t<a href=\"http:\/\/imuno-srbija.com\/data-science\/project\/content-insights\/\">\n\t\t\t\t\t\t\t\t<img src=\"http:\/\/imuno-srbija.com\/data-science\/wp-content\/uploads\/2020\/06\/contentinsights_logo-300x300.jpg\" height=\"300\" class=\"wp-post-image wp-image-345\" title=\"contentinsights_logo\" alt=\"contentinsights_logo\" srcset=\"http:\/\/imuno-srbija.com\/data-science\/wp-content\/uploads\/2020\/06\/contentinsights_logo-300x300.jpg 300w, http:\/\/imuno-srbija.com\/data-science\/wp-content\/uploads\/2020\/06\/contentinsights_logo-150x150.jpg 150w, http:\/\/imuno-srbija.com\/data-science\/wp-content\/uploads\/2020\/06\/contentinsights_logo-100x100.jpg 100w, http:\/\/imuno-srbija.com\/data-science\/wp-content\/uploads\/2020\/06\/contentinsights_logo-350x350.jpg 350w, http:\/\/imuno-srbija.com\/data-science\/wp-content\/uploads\/2020\/06\/contentinsights_logo-360x360.jpg 360w, http:\/\/imuno-srbija.com\/data-science\/wp-content\/uploads\/2020\/06\/contentinsights_logo.jpg 600w\" sizes=\"(max-width: 300px) 100vw, 300px\" \/>\t\t\t\t\t\t\t\t    \t\t\t\t<\/a>\n\t\t\t\t\t\t\t    \t\t\t<\/figure>\n\t\t\t\n\t<div class=\"post-content\">\n\n\t\t\n\t\t\t<div class=\"post-content-inner\">\n\n\t\t\t\t\t\t\n\t\t\t\t\t\t\n\t\t\t\t\t\t<h2 class=\"post-title entry-title\"><a href=\"http:\/\/imuno-srbija.com\/data-science\/project\/content-insights\/\">Content Insights<\/a><\/h2>\n\t\t\n\t\t\t<div class=\"entry-content\">\n\n\t    \n\t\t<p>Nauka o podacima je ve\u0107 godinama jedna od najperspektivnijih i najva\u017enijih IT oblasti, ali se stvari kod nas i dalje sporo razvijaju, naro\u010dito kada je re\u010d o stvaranju novih stru\u010dnjaka. Zbog toga je najva\u017enija stvar za struku kod nas da se pokrene \u0161to vi\u0161e probrama formalnog i neformalnog obrazovanja na temu data science.<\/p>\n\n\t\t\t    \n\t\t    <p><a href=\"http:\/\/imuno-srbija.com\/data-science\/project\/content-insights\/\" class=\"more-link\">Nastavi \u010ditanje<\/a><\/p>\n\n\t\t\n\t    \n\t<\/div><!-- \/.entry-content -->\n\t\n\t\t\n\t\t\t<\/div>\n\t\t\t<!-- \/.post-content-inner -->\n\t\t\n\t<\/div>\n\t<!-- \/.post-content -->\n\t<\/article>\n<!-- \/.post -->\n<article id=\"portfolio-352\" class=\"post tf_clearfix portfolio-post cat-7 post-352 portfolio type-portfolio status-publish has-post-thumbnail hentry portfolio-category-companies has-post-title no-post-date has-post-category has-post-tag has-post-comment has-post-author \">\n\t\n\t\n\t\t\t<a href=\"http:\/\/imuno-srbija.com\/data-science\/project\/smartcat\/\" aria-label=\"SmartCat\" data-post-permalink=\"yes\" style=\"display: none;\"><\/a>\n\t    \t\t\t<figure class=\"post-image tf_clearfix\">\n\t\t\t    \t\t\t\t\t\t\t\t<a href=\"http:\/\/imuno-srbija.com\/data-science\/project\/smartcat\/\">\n\t\t\t\t\t\t\t\t<img src=\"http:\/\/imuno-srbija.com\/data-science\/wp-content\/uploads\/2020\/06\/SmartCat_logo_testimonial-300x300.jpg\" height=\"300\" class=\"wp-post-image wp-image-346\" title=\"SmartCat_logo_testimonial\" alt=\"SmartCat_logo_testimonial\" srcset=\"http:\/\/imuno-srbija.com\/data-science\/wp-content\/uploads\/2020\/06\/SmartCat_logo_testimonial-300x300.jpg 300w, http:\/\/imuno-srbija.com\/data-science\/wp-content\/uploads\/2020\/06\/SmartCat_logo_testimonial-150x150.jpg 150w, http:\/\/imuno-srbija.com\/data-science\/wp-content\/uploads\/2020\/06\/SmartCat_logo_testimonial-100x100.jpg 100w, http:\/\/imuno-srbija.com\/data-science\/wp-content\/uploads\/2020\/06\/SmartCat_logo_testimonial-250x250.jpg 250w, http:\/\/imuno-srbija.com\/data-science\/wp-content\/uploads\/2020\/06\/SmartCat_logo_testimonial-350x350.jpg 350w, http:\/\/imuno-srbija.com\/data-science\/wp-content\/uploads\/2020\/06\/SmartCat_logo_testimonial-360x360.jpg 360w, http:\/\/imuno-srbija.com\/data-science\/wp-content\/uploads\/2020\/06\/SmartCat_logo_testimonial.jpg 600w\" sizes=\"(max-width: 300px) 100vw, 300px\" \/>\t\t\t\t\t\t\t\t    \t\t\t\t<\/a>\n\t\t\t\t\t\t\t    \t\t\t<\/figure>\n\t\t\t\n\t<div class=\"post-content\">\n\n\t\t\n\t\t\t<div class=\"post-content-inner\">\n\n\t\t\t\t\t\t\n\t\t\t\t\t\t\n\t\t\t\t\t\t<h2 class=\"post-title entry-title\"><a href=\"http:\/\/imuno-srbija.com\/data-science\/project\/smartcat\/\">SmartCat<\/a><\/h2>\n\t\t\n\t\t\t<div class=\"entry-content\">\n\n\t    \n\t\t<p>SmartCat\u00a0je globalno prepoznat partner za implementaciju kompleksnih sistema za obradu velikih koli\u010dina podataka uz upotrebu naprednih algoritama ma\u0161inskog u\u010denja i ve\u0161ta\u010dke inteligencije. Vizija Make a difference with data. SmartCat poma\u017ee klijentima da kroz partnerski odnos zajedno re\u0161avaju izazove koji se javljaju u svetu velike koli\u010dine podataka. \u017dele da (nastave) da stvaraju dream team visprenih ljudi [&hellip;]<\/p>\n\n\t\t\t    \n\t\t    <p><a href=\"http:\/\/imuno-srbija.com\/data-science\/project\/smartcat\/\" class=\"more-link\">Nastavi \u010ditanje<\/a><\/p>\n\n\t\t\n\t    \n\t<\/div><!-- \/.entry-content -->\n\t\n\t\t\n\t\t\t<\/div>\n\t\t\t<!-- \/.post-content-inner -->\n\t\t\n\t<\/div>\n\t<!-- \/.post-content -->\n\t<\/article>\n<!-- \/.post -->\n<article id=\"portfolio-350\" class=\"post tf_clearfix portfolio-post cat-7 post-350 portfolio type-portfolio status-publish has-post-thumbnail hentry portfolio-category-companies has-post-title no-post-date has-post-category has-post-tag has-post-comment has-post-author \">\n\t\n\t\n\t\t\t<a href=\"http:\/\/imuno-srbija.com\/data-science\/project\/cloudwalker\/\" aria-label=\"Cloudwalker\" data-post-permalink=\"yes\" style=\"display: none;\"><\/a>\n\t    \t\t\t<figure class=\"post-image tf_clearfix\">\n\t\t\t    \t\t\t\t\t\t\t\t<a href=\"http:\/\/imuno-srbija.com\/data-science\/project\/cloudwalker\/\">\n\t\t\t\t\t\t\t\t<img src=\"http:\/\/imuno-srbija.com\/data-science\/wp-content\/uploads\/2020\/06\/Cloudwalker_logo-300x300.jpg\" height=\"300\" class=\"wp-post-image wp-image-344\" title=\"Cloudwalker_logo\" alt=\"Cloudwalker_logo\" srcset=\"http:\/\/imuno-srbija.com\/data-science\/wp-content\/uploads\/2020\/06\/Cloudwalker_logo-300x300.jpg 300w, http:\/\/imuno-srbija.com\/data-science\/wp-content\/uploads\/2020\/06\/Cloudwalker_logo-150x150.jpg 150w, http:\/\/imuno-srbija.com\/data-science\/wp-content\/uploads\/2020\/06\/Cloudwalker_logo-100x100.jpg 100w, http:\/\/imuno-srbija.com\/data-science\/wp-content\/uploads\/2020\/06\/Cloudwalker_logo-250x250.jpg 250w, http:\/\/imuno-srbija.com\/data-science\/wp-content\/uploads\/2020\/06\/Cloudwalker_logo-350x350.jpg 350w, http:\/\/imuno-srbija.com\/data-science\/wp-content\/uploads\/2020\/06\/Cloudwalker_logo-360x360.jpg 360w, http:\/\/imuno-srbija.com\/data-science\/wp-content\/uploads\/2020\/06\/Cloudwalker_logo.jpg 600w\" sizes=\"(max-width: 300px) 100vw, 300px\" \/>\t\t\t\t\t\t\t\t    \t\t\t\t<\/a>\n\t\t\t\t\t\t\t    \t\t\t<\/figure>\n\t\t\t\n\t<div class=\"post-content\">\n\n\t\t\n\t\t\t<div class=\"post-content-inner\">\n\n\t\t\t\t\t\t\n\t\t\t\t\t\t\n\t\t\t\t\t\t<h2 class=\"post-title entry-title\"><a href=\"http:\/\/imuno-srbija.com\/data-science\/project\/cloudwalker\/\">Cloudwalker<\/a><\/h2>\n\t\t\n\t\t\t<div class=\"entry-content\">\n\n\t    \n\t\t<p>NOT JUST A CLOUD, BUT BIG DATA COMPANY. Koli\u010dina generisanih podataka 2011. godine prema\u0161ila je koli\u010dinu nastalu tokom \u010ditave istorije digitalnog sveta. Takav porast napravio je mnogo prostora za analiti\u010dke servise, a u vreme ovih previranja,\u00a0CLOUDWALKER\u00a0tim je ve\u0107 koristio najlu\u0111e tehnologije za analizu i integraciju. Zato vole da ka\u017eu da su nastali kao meteorolo\u0161ka reakcija [&hellip;]<\/p>\n\n\t\t\t    \n\t\t    <p><a href=\"http:\/\/imuno-srbija.com\/data-science\/project\/cloudwalker\/\" class=\"more-link\">Nastavi \u010ditanje<\/a><\/p>\n\n\t\t\n\t    \n\t<\/div><!-- \/.entry-content -->\n\t\n\t\t\n\t\t\t<\/div>\n\t\t\t<!-- \/.post-content-inner -->\n\t\t\n\t<\/div>\n\t<!-- \/.post-content -->\n\t<\/article>\n<!-- \/.post -->\n    <\/div><!-- .builder-posts-wrap -->\n        <\/div>\n<!-- \/module post -->\n\t        <\/div>\n\t    \t<\/div>\n\t\t    <\/div>\n\t    <!-- \/row_inner -->\n\t<\/div>\n\t<!-- \/module_row -->\n\t<\/div>\n<!--\/themify_builder_content-->","protected":false},"excerpt":{"rendered":"","protected":false},"author":1,"featured_media":0,"parent":0,"menu_order":0,"comment_status":"closed","ping_status":"closed","template":"","meta":[],"_links":{"self":[{"href":"http:\/\/imuno-srbija.com\/data-science\/wp-json\/wp\/v2\/pages\/2059"}],"collection":[{"href":"http:\/\/imuno-srbija.com\/data-science\/wp-json\/wp\/v2\/pages"}],"about":[{"href":"http:\/\/imuno-srbija.com\/data-science\/wp-json\/wp\/v2\/types\/page"}],"author":[{"embeddable":true,"href":"http:\/\/imuno-srbija.com\/data-science\/wp-json\/wp\/v2\/users\/1"}],"replies":[{"embeddable":true,"href":"http:\/\/imuno-srbija.com\/data-science\/wp-json\/wp\/v2\/comments?post=2059"}],"version-history":[{"count":4,"href":"http:\/\/imuno-srbija.com\/data-science\/wp-json\/wp\/v2\/pages\/2059\/revisions"}],"predecessor-version":[{"id":2065,"href":"http:\/\/imuno-srbija.com\/data-science\/wp-json\/wp\/v2\/pages\/2059\/revisions\/2065"}],"wp:attachment":[{"href":"http:\/\/imuno-srbija.com\/data-science\/wp-json\/wp\/v2\/media?parent=2059"}],"curies":[{"name":"wp","href":"https:\/\/api.w.org\/{rel}","templated":true}]}}