{"id":16,"date":"2020-04-12T15:31:11","date_gmt":"2020-04-12T15:31:11","guid":{"rendered":"http:\/\/imuno-srbija.com\/data-science\/?page_id=16"},"modified":"2021-03-23T14:55:40","modified_gmt":"2021-03-23T14:55:40","slug":"about","status":"publish","type":"page","link":"http:\/\/imuno-srbija.com\/data-science\/en\/about\/","title":{"rendered":"About"},"content":{"rendered":"<!--themify_builder_content-->\n<div id=\"themify_builder_content-16\" data-postid=\"16\" class=\"themify_builder_content themify_builder_content-16 themify_builder tf_clear\">\n    \t<!-- module_row -->\n\t<div  data-css_id=\"d3v1687\" data-lazy=\"1\" class=\"module_row themify_builder_row repeat fullwidth tb_d3v1687 tb_first tf_clearfix\" >\n\t    <div class=\"tf_abs builder_row_cover\"><\/div>\t\t<div class=\"row_inner col_align_top tf_box tf_w tf_rel\">\n\t\t\t<div  data-lazy=\"1\" class=\"module_column tb-column col-full first tb_ofjb687 tf_box\">\n\t    \t    \t        <div class=\"tb-column-inner tf_box tf_w\">\n\t\t    <!-- module text -->\n<div  class=\"module module-text tb_0ae6788\" data-lazy=\"1\">\n            <div  class=\"tb_text_wrap\">\n    <h2 style=\"text-align: center;\">O Nama<\/h2>    <\/div>\n<\/div>\n<!-- \/module text -->\t        <\/div>\n\t    \t<\/div>\n\t\t    <\/div>\n\t    <!-- \/row_inner -->\n\t<\/div>\n\t<!-- \/module_row -->\n\t\t<!-- module_row -->\n\t<div  data-lazy=\"1\" class=\"module_row themify_builder_row tb_i0to142 tf_clearfix\">\n\t    \t\t<div class=\"row_inner col_align_top tf_box tf_w tf_rel\">\n\t\t\t<div  data-lazy=\"1\" class=\"module_column tb-column col-full first tb_7pvd145 tf_box\">\n\t    \t    \t        <div class=\"tb-column-inner tf_box tf_w\">\n\t\t    <!-- module fancy heading -->\n<div  class=\"module module-fancy-heading tb_nife323 about-h2 tb_hide_divider\" data-lazy=\"1\">\n        <h2 class=\"fancy-heading tf_textc\">\n    <span  class=\"main-head tf_block\">\n\tA few words about us    <\/span>\n    <span class=\"sub-head tf_block tf_rel\">\n\t    <\/span>\n\n    <\/h2>\n<\/div>\n<!-- \/module fancy heading -->\n<!-- module box -->\n<div  class=\"module module-box tb_kp9s151 about-text\" data-lazy=\"1\">\n            <div class=\"module-box-content ui  tb_default_color repeat\">\n\t<div class=\"tb_text_wrap\"><p dir=\"ltr\">Data Science Serbia ties its beginnings to September 2015 and the initiative of several Data Science enthusiasts. On the foundations of the blog Hadoop Serbia, which has been successfully run by Darko Marjanovi\u0107, and on the domain <a href=\"http:\/\/datascience.rs\/\" target=\"_blank\" rel=\"noopener\" data-saferedirecturl=\"https:\/\/www.google.com\/url?q=http:\/\/datascience.rs&amp;source=gmail&amp;ust=1594917644794000&amp;usg=AFQjCNG6CkJivJaTuNDVvfLdIPL8sxkRrQ\">datascience.rs<\/a> which, for reasons known only to him, was registered by Branko Kova\u010d, the website, you are currently on, was created. The meetup group, dedicated to artificial intelligence and machine learning, launched by Zoran \u0160evarac, has also become an integral part of the Data Science Serbia communication channels.<\/p>\n<p dir=\"ltr\">Today, Data Science Serbia is an organization that brings together companies and individuals who work or want to work with data. We understand the use of data holistically, from architecture, engineering, analytics, machine learning, artificial intelligence, through regulatory frameworks, ethics, privacy and security, to the way we interpret information, make business decisions and influence the economy and society.\u00a0<\/p>\n<p dir=\"ltr\">Big data, machine learning, artificial intelligence, open data, NLP as well as new trends like quantum computing are just some of the areas we follow and talk about.<\/p>\n<p dir=\"ltr\">We advocate Data Science as a nationally important area of \u200b\u200bspecialization in Serbia.<\/p>\n<h3 dir=\"ltr\">Vision<\/h3>\n<p dir=\"ltr\">We want Serbia as globally recognized for the development of the Data Science and AI profession and its Data & AI experts, to be a country where business and the economy rely on data-based knowledge to grow, develop and create added value.<\/p>\n<h3 dir=\"ltr\">Mission<\/h3>\n<p dir=\"ltr\">We encourage the development of Data Science and AI in Serbia and create conditions for the development of experts who practically apply their knowledge for the benefit of the economy and society.<\/p>\n<p dir=\"ltr\">\u00a0<\/p><\/div>\n    <\/div>\n<\/div>\n<!-- \/module box --><!-- module fancy heading -->\n<div  class=\"module module-fancy-heading tb_xt1u924 about-h2 tb_hide_divider\" data-lazy=\"1\">\n        <h2 class=\"fancy-heading tf_textc\">\n    <span  class=\"main-head tf_block\">\n\tManagement Board    <\/span>\n    <span class=\"sub-head tf_block tf_rel\">\n\t    <\/span>\n\n    <\/h2>\n<\/div>\n<!-- \/module fancy heading -->\n\t        <\/div>\n\t    \t<\/div>\n\t\t    <\/div>\n\t    <!-- \/row_inner -->\n\t<\/div>\n\t<!-- \/module_row -->\n\t\t<!-- module_row -->\n\t<div  data-lazy=\"1\" class=\"module_row themify_builder_row tb_tsgh135 tf_clearfix\">\n\t    \t\t<div class=\"row_inner col_align_top tf_box tf_w tf_rel\">\n\t\t\t<div  data-lazy=\"1\" class=\"module_column tb-column col3-1 first tb_fdm3135 tf_box\">\n\t    \t    \t        <div class=\"tb-column-inner tf_box tf_w\">\n\t\t    <!-- module image -->\n<div  class=\"module module-image tb_llny119 rounded  image-top auto_fullwidth tf_mw\" data-lazy=\"1\">\n            <div class=\"image-wrap tf_rel tf_mw\">\n\t\t    <a href=\"https:\/\/www.linkedin.com\/in\/valentina-%C4%91or%C4%91evi%C4%87\/\"\n\t        rel=\"noopener\" target=\"_blank\"\t       >\n\t\t   \t\t<img src=\"http:\/\/imuno-srbija.com\/data-science\/wp-content\/uploads\/2020\/06\/valentina-400x400.jpg\" height=\"400\" class=\"wp-post-image wp-image-347\" title=\"Valentina \u0110or\u0111evi\u0107, HoDS, Things Solver\" alt=\"Valentina \u0110or\u0111evi\u0107, HoDS, Things Solver\" srcset=\"http:\/\/imuno-srbija.com\/data-science\/wp-content\/uploads\/2020\/06\/valentina-400x400.jpg 400w, http:\/\/imuno-srbija.com\/data-science\/wp-content\/uploads\/2020\/06\/valentina-300x300.jpg 300w, http:\/\/imuno-srbija.com\/data-science\/wp-content\/uploads\/2020\/06\/valentina-150x150.jpg 150w, http:\/\/imuno-srbija.com\/data-science\/wp-content\/uploads\/2020\/06\/valentina-100x100.jpg 100w, http:\/\/imuno-srbija.com\/data-science\/wp-content\/uploads\/2020\/06\/valentina.jpg 600w\" sizes=\"(max-width: 400px) 100vw, 400px\" \/>\t    <\/a>\n\t\n\t\t<\/div>\n\t<!-- \/image-wrap -->\n    \n    \t<div class=\"image-content\">\n\t    \t\t<h3 class=\"image-title\">\n\t\t    \t\t\t<a href=\"https:\/\/www.linkedin.com\/in\/valentina-%C4%91or%C4%91evi%C4%87\/\" \n\t\t\t   \t\t\t    rel=\"noopener\" target=\"_blank\">\n\t\t\t       Valentina \u0110or\u0111evi\u0107, HoDS, Things Solver\t\t\t<\/a>\n\t\t    \t\t<\/h3>\n\t    \n\t    \t<\/div>\n\t<!-- \/image-content -->\n    \n<\/div>\n<!-- \/module image --><!-- module image -->\n<div  class=\"module module-image tb_pqkv555 rounded  image-top tf_mw\" data-lazy=\"1\">\n            <div class=\"image-wrap tf_rel tf_mw\">\n\t\t    <img loading=\"lazy\" src=\"http:\/\/imuno-srbija.com\/data-science\/wp-content\/uploads\/2021\/03\/download-400x400.jpg\" width=\"400\" height=\"400\" class=\"wp-post-image wp-image-2108\" title=\"Aleksandar Linc-\u0110or\u0111evi\u0107, President, ISN (Data Science Conference)\" alt=\"Aleksandar Linc-\u0110or\u0111evi\u0107, President, ISN (Data Science Conference)\" srcset=\"http:\/\/imuno-srbija.com\/data-science\/wp-content\/uploads\/2021\/03\/download-400x400.jpg 400w, http:\/\/imuno-srbija.com\/data-science\/wp-content\/uploads\/2021\/03\/download-150x150.jpg 150w, http:\/\/imuno-srbija.com\/data-science\/wp-content\/uploads\/2021\/03\/download-12x12.jpg 12w, http:\/\/imuno-srbija.com\/data-science\/wp-content\/uploads\/2021\/03\/download.jpg 200w\" sizes=\"(max-width: 400px) 100vw, 400px\" \/>\t\n\t\t<\/div>\n\t<!-- \/image-wrap -->\n    \n    \t<div class=\"image-content\">\n\t    \t\t<h3 class=\"image-title\">\n\t\t    \t\t\tAleksandar Linc-\u0110or\u0111evi\u0107, President, ISN (Data Science Conference)\t\t    \t\t<\/h3>\n\t    \n\t    \t<\/div>\n\t<!-- \/image-content -->\n    \n<\/div>\n<!-- \/module image -->\t        <\/div>\n\t    \t<\/div>\n\t\t<div  data-lazy=\"1\" class=\"module_column tb-column col3-1 middle tb_2spi136 tf_box\">\n\t    \t    \t        <div class=\"tb-column-inner tf_box tf_w\">\n\t\t    <!-- module image -->\n<div  class=\"module module-image tb_ediy869 rounded  image-top auto_fullwidth tf_mw\" data-lazy=\"1\">\n            <div class=\"image-wrap tf_rel tf_mw\">\n\t\t    <a href=\"https:\/\/www.linkedin.com\/in\/ilijasusa\/\"\n\t        rel=\"noopener\" target=\"_blank\"\t       >\n\t\t   \t\t<img src=\"http:\/\/imuno-srbija.com\/data-science\/wp-content\/uploads\/2021\/03\/ilija-400x400.jpeg\" height=\"400\" class=\"wp-post-image wp-image-2100\" title=\"Ilija Su\u0161a, Co-Founder, Smartocto\" alt=\"Ilija Su\u0161a, Co-Founder, Smartocto\" srcset=\"http:\/\/imuno-srbija.com\/data-science\/wp-content\/uploads\/2021\/03\/ilija-400x400.jpeg 400w, http:\/\/imuno-srbija.com\/data-science\/wp-content\/uploads\/2021\/03\/ilija-300x300.jpeg 300w, http:\/\/imuno-srbija.com\/data-science\/wp-content\/uploads\/2021\/03\/ilija-150x150.jpeg 150w, http:\/\/imuno-srbija.com\/data-science\/wp-content\/uploads\/2021\/03\/ilija-12x12.jpeg 12w, http:\/\/imuno-srbija.com\/data-science\/wp-content\/uploads\/2021\/03\/ilija.jpeg 512w\" sizes=\"(max-width: 400px) 100vw, 400px\" \/>\t    <\/a>\n\t\n\t\t<\/div>\n\t<!-- \/image-wrap -->\n    \n    \t<div class=\"image-content\">\n\t    \t\t<h3 class=\"image-title\">\n\t\t    \t\t\t<a href=\"https:\/\/www.linkedin.com\/in\/ilijasusa\/\" \n\t\t\t   \t\t\t    rel=\"noopener\" target=\"_blank\">\n\t\t\t       Ilija Su\u0161a, Co-Founder, Smartocto\t\t\t<\/a>\n\t\t    \t\t<\/h3>\n\t    \n\t    \t<\/div>\n\t<!-- \/image-content -->\n    \n<\/div>\n<!-- \/module image --><!-- module image -->\n<div  class=\"module module-image tb_tr41998 rounded  image-top tf_mw\" data-lazy=\"1\">\n            <div class=\"image-wrap tf_rel tf_mw\">\n\t\t    <a href=\"https:\/\/www.linkedin.com\/in\/bojansovilj\/\"\n\t        rel=\"noopener\" target=\"_blank\"\t       >\n\t\t   \t\t<img loading=\"lazy\" src=\"http:\/\/imuno-srbija.com\/data-science\/wp-content\/uploads\/2021\/03\/download-1-400x400.jpg\" width=\"400\" height=\"400\" class=\"wp-post-image wp-image-2109\" title=\"Bojan Sovilj, Founder, Cloudwalker\" alt=\"Bojan Sovilj, Founder, Cloudwalker\" srcset=\"http:\/\/imuno-srbija.com\/data-science\/wp-content\/uploads\/2021\/03\/download-1-400x400.jpg 400w, http:\/\/imuno-srbija.com\/data-science\/wp-content\/uploads\/2021\/03\/download-1-150x150.jpg 150w\" sizes=\"(max-width: 400px) 100vw, 400px\" \/>\t    <\/a>\n\t\n\t\t<\/div>\n\t<!-- \/image-wrap -->\n    \n    \t<div class=\"image-content\">\n\t    \t\t<h3 class=\"image-title\">\n\t\t    \t\t\t<a href=\"https:\/\/www.linkedin.com\/in\/bojansovilj\/\" \n\t\t\t   \t\t\t    rel=\"noopener\" target=\"_blank\">\n\t\t\t       Bojan Sovilj, Founder, Cloudwalker\t\t\t<\/a>\n\t\t    \t\t<\/h3>\n\t    \n\t    \t<\/div>\n\t<!-- \/image-content -->\n    \n<\/div>\n<!-- \/module image -->\t        <\/div>\n\t    \t<\/div>\n\t\t<div  data-lazy=\"1\" class=\"module_column tb-column col3-1 last tb_kn05136 tf_box\">\n\t    \t    \t        <div class=\"tb-column-inner tf_box tf_w\">\n\t\t    <!-- module image -->\n<div  class=\"module module-image tb_6q9r24 rounded  image-top tf_mw\" data-lazy=\"1\">\n            <div class=\"image-wrap tf_rel tf_mw\">\n\t\t    <a href=\"https:\/\/www.linkedin.com\/in\/andrickosta\/\"\n\t        rel=\"noopener\" target=\"_blank\"\t       >\n\t\t   \t\t<img loading=\"lazy\" src=\"http:\/\/imuno-srbija.com\/data-science\/wp-content\/uploads\/2021\/03\/kosta_andric-400x400.jpg\" width=\"400\" height=\"400\" class=\"wp-post-image wp-image-2102\" title=\"Kosta Andri\u0107, Managing Partner, ICT Hub\" alt=\"Kosta Andri\u0107, Managing Partner, ICT Hub\" srcset=\"http:\/\/imuno-srbija.com\/data-science\/wp-content\/uploads\/2021\/03\/kosta_andric-400x400.jpg 400w, http:\/\/imuno-srbija.com\/data-science\/wp-content\/uploads\/2021\/03\/kosta_andric-150x150.jpg 150w, http:\/\/imuno-srbija.com\/data-science\/wp-content\/uploads\/2021\/03\/kosta_andric-300x300.jpg 300w\" sizes=\"(max-width: 400px) 100vw, 400px\" \/>\t    <\/a>\n\t\n\t\t<\/div>\n\t<!-- \/image-wrap -->\n    \n    \t<div class=\"image-content\">\n\t    \t\t<h3 class=\"image-title\">\n\t\t    \t\t\t<a href=\"https:\/\/www.linkedin.com\/in\/andrickosta\/\" \n\t\t\t   \t\t\t    rel=\"noopener\" target=\"_blank\">\n\t\t\t       Kosta Andri\u0107, Managing Partner, ICT Hub\t\t\t<\/a>\n\t\t    \t\t<\/h3>\n\t    \n\t    \t<\/div>\n\t<!-- \/image-content -->\n    \n<\/div>\n<!-- \/module image --><!-- module image -->\n<div  class=\"module module-image tb_hgw3253 rounded  image-left tf_mw\" data-lazy=\"1\">\n            <div class=\"image-wrap tf_rel tf_mw\">\n\t\t    <a href=\"https:\/\/www.linkedin.com\/in\/tatjana-kecojevic-803704143\/\"\n\t        rel=\"noopener\" target=\"_blank\"\t       >\n\t\t   \t\t<img loading=\"lazy\" src=\"http:\/\/imuno-srbija.com\/data-science\/wp-content\/uploads\/2021\/03\/Tatjana_Kecojevic-845x1024-400x400.jpg\" width=\"400\" height=\"400\" class=\"wp-post-image wp-image-2110\" title=\"Tatjana Kecojevi\u0107, Founder, SysterAnalyst\" alt=\"Tatjana Kecojevi\u0107, Founder, SysterAnalyst\" srcset=\"http:\/\/imuno-srbija.com\/data-science\/wp-content\/uploads\/2021\/03\/Tatjana_Kecojevic-845x1024-400x400.jpg 400w, http:\/\/imuno-srbija.com\/data-science\/wp-content\/uploads\/2021\/03\/Tatjana_Kecojevic-150x150.jpg 150w, http:\/\/imuno-srbija.com\/data-science\/wp-content\/uploads\/2021\/03\/Tatjana_Kecojevic-300x300.jpg 300w\" sizes=\"(max-width: 400px) 100vw, 400px\" \/>\t    <\/a>\n\t\n\t\t<\/div>\n\t<!-- \/image-wrap -->\n    \n    \t<div class=\"image-content\">\n\t    \t\t<h3 class=\"image-title\">\n\t\t    \t\t\t<a href=\"https:\/\/www.linkedin.com\/in\/tatjana-kecojevic-803704143\/\" \n\t\t\t   \t\t\t    rel=\"noopener\" target=\"_blank\">\n\t\t\t       Tatjana Kecojevi\u0107, Founder, SysterAnalyst\t\t\t<\/a>\n\t\t    \t\t<\/h3>\n\t    \n\t    \t<\/div>\n\t<!-- \/image-content -->\n    \n<\/div>\n<!-- \/module image -->\t        <\/div>\n\t    \t<\/div>\n\t\t    <\/div>\n\t    <!-- \/row_inner -->\n\t<\/div>\n\t<!-- \/module_row -->\n\t\t<!-- module_row -->\n\t<div  data-lazy=\"1\" class=\"module_row themify_builder_row tb_fhnl708 tf_clearfix\">\n\t    \t\t<div class=\"row_inner col_align_top tf_box tf_w tf_rel\">\n\t\t\t<div  data-lazy=\"1\" class=\"module_column tb-column col-full first tb_5ty9709 tf_box\">\n\t    \t    \t        <div class=\"tb-column-inner tf_box tf_w\">\n\t\t    <!-- module fancy heading -->\n<div  class=\"module module-fancy-heading tb_4dld922 about-h2 tb_hide_divider\" data-lazy=\"1\">\n        <h2 class=\"fancy-heading tf_textc\">\n    <span  class=\"main-head tf_block\">\n\tAdvisory board    <\/span>\n    <span class=\"sub-head tf_block tf_rel\">\n\t    <\/span>\n\n    <\/h2>\n<\/div>\n<!-- \/module fancy heading -->\n\t        <\/div>\n\t    \t<\/div>\n\t\t    <\/div>\n\t    <!-- \/row_inner -->\n\t<\/div>\n\t<!-- \/module_row -->\n\t\t<!-- module_row -->\n\t<div  data-lazy=\"1\" class=\"module_row themify_builder_row tb_g00k164 tf_clearfix\">\n\t    \t\t<div class=\"row_inner col_align_top tf_box tf_w tf_rel\">\n\t\t\t<div  data-lazy=\"1\" class=\"module_column tb-column col4-1 first tb_4sup164 tf_box\">\n\t    \t    \t        <div class=\"tb-column-inner tf_box tf_w\">\n\t\t    <!-- module image -->\n<div  class=\"module module-image tb_rtef766 rounded  image-top auto_fullwidth tf_mw\" data-lazy=\"1\">\n            <div class=\"image-wrap tf_rel tf_mw\">\n\t\t    <a href=\"https:\/\/www.linkedin.com\/in\/natalidelic\/\"\n\t        rel=\"noopener\" target=\"_blank\"\t       >\n\t\t   \t\t<img src=\"http:\/\/imuno-srbija.com\/data-science\/wp-content\/uploads\/2021\/03\/natali-400x400.jpg\" height=\"400\" class=\"wp-post-image wp-image-2113\" title=\"Natali Deli\u0107, Digital and IT Advisor, Telekom Srbija\" alt=\"Natali Deli\u0107, Digital and IT Advisor, Telekom Srbija\" srcset=\"http:\/\/imuno-srbija.com\/data-science\/wp-content\/uploads\/2021\/03\/natali-400x400.jpg 400w, http:\/\/imuno-srbija.com\/data-science\/wp-content\/uploads\/2021\/03\/natali-150x150.jpg 150w, http:\/\/imuno-srbija.com\/data-science\/wp-content\/uploads\/2021\/03\/natali-12x12.jpg 12w, http:\/\/imuno-srbija.com\/data-science\/wp-content\/uploads\/2021\/03\/natali.jpg 200w\" sizes=\"(max-width: 400px) 100vw, 400px\" \/>\t    <\/a>\n\t\n\t\t<\/div>\n\t<!-- \/image-wrap -->\n    \n    \t<div class=\"image-content\">\n\t    \t\t<h3 class=\"image-title\">\n\t\t    \t\t\t<a href=\"https:\/\/www.linkedin.com\/in\/natalidelic\/\" \n\t\t\t   \t\t\t    rel=\"noopener\" target=\"_blank\">\n\t\t\t       Natali Deli\u0107, Digital and IT Advisor, Telekom Srbija\t\t\t<\/a>\n\t\t    \t\t<\/h3>\n\t    \n\t    \t<\/div>\n\t<!-- \/image-content -->\n    \n<\/div>\n<!-- \/module image -->\t        <\/div>\n\t    \t<\/div>\n\t\t<div  data-lazy=\"1\" class=\"module_column tb-column col4-1 second tb_dgk1385 tf_box\">\n\t    \t    \t        <div class=\"tb-column-inner tf_box tf_w\">\n\t\t    <!-- module image -->\n<div  class=\"module module-image tb_hmwa603 rounded  image-top auto_fullwidth tf_mw\" data-lazy=\"1\">\n            <div class=\"image-wrap tf_rel tf_mw\">\n\t\t    <img src=\"http:\/\/imuno-srbija.com\/data-science\/wp-content\/uploads\/2021\/03\/darko-400x400.jpg\" height=\"400\" class=\"wp-post-image wp-image-2118\" title=\"Darko Marjanovi\u0107, CEO and Co Founder, Things Solver\" alt=\"Darko Marjanovi\u0107, CEO and Co Founder, Things Solver\" srcset=\"http:\/\/imuno-srbija.com\/data-science\/wp-content\/uploads\/2021\/03\/darko-400x400.jpg 400w, http:\/\/imuno-srbija.com\/data-science\/wp-content\/uploads\/2021\/03\/darko-150x150.jpg 150w, http:\/\/imuno-srbija.com\/data-science\/wp-content\/uploads\/2021\/03\/darko-12x12.jpg 12w, http:\/\/imuno-srbija.com\/data-science\/wp-content\/uploads\/2021\/03\/darko.jpg 200w\" sizes=\"(max-width: 400px) 100vw, 400px\" \/>\t\n\t\t<\/div>\n\t<!-- \/image-wrap -->\n    \n    \t<div class=\"image-content\">\n\t    \t\t<h3 class=\"image-title\">\n\t\t    \t\t\tDarko Marjanovi\u0107, CEO and Co Founder, Things Solver\t\t    \t\t<\/h3>\n\t    \n\t    \t<\/div>\n\t<!-- \/image-content -->\n    \n<\/div>\n<!-- \/module image -->\t        <\/div>\n\t    \t<\/div>\n\t\t<div  data-lazy=\"1\" class=\"module_column tb-column col4-1 third tb_ttmy385 tf_box\">\n\t    \t    \t        <div class=\"tb-column-inner tf_box tf_w\">\n\t\t    <!-- module image -->\n<div  class=\"module module-image tb_o3pc673 rounded  image-top auto_fullwidth tf_mw\" data-lazy=\"1\">\n            <div class=\"image-wrap tf_rel tf_mw\">\n\t\t    <img src=\"http:\/\/imuno-srbija.com\/data-science\/wp-content\/uploads\/2021\/03\/milos-400x400.jpg\" height=\"400\" class=\"wp-post-image wp-image-2119\" title=\"Milo\u0161 Milovanovi\u0107, Delivery Director, Things Solver\" alt=\"Milo\u0161 Milovanovi\u0107, Delivery Director, Things Solver\" srcset=\"http:\/\/imuno-srbija.com\/data-science\/wp-content\/uploads\/2021\/03\/milos-400x400.jpg 400w, http:\/\/imuno-srbija.com\/data-science\/wp-content\/uploads\/2021\/03\/milos-150x150.jpg 150w, http:\/\/imuno-srbija.com\/data-science\/wp-content\/uploads\/2021\/03\/milos-12x12.jpg 12w, http:\/\/imuno-srbija.com\/data-science\/wp-content\/uploads\/2021\/03\/milos.jpg 200w\" sizes=\"(max-width: 400px) 100vw, 400px\" \/>\t\n\t\t<\/div>\n\t<!-- \/image-wrap -->\n    \n    \t<div class=\"image-content\">\n\t    \t\t<h3 class=\"image-title\">\n\t\t    \t\t\tMilo\u0161 Milovanovi\u0107, Delivery Director, Things Solver\t\t    \t\t<\/h3>\n\t    \n\t    \t<\/div>\n\t<!-- \/image-content -->\n    \n<\/div>\n<!-- \/module image -->\t        <\/div>\n\t    \t<\/div>\n\t\t<div  data-lazy=\"1\" class=\"module_column tb-column col4-1 last tb_x8ty385 tf_box\">\n\t    \t    \t        <div class=\"tb-column-inner tf_box tf_w\">\n\t\t    <!-- module image -->\n<div  class=\"module module-image tb_p9df942 rounded  image-top auto_fullwidth tf_mw\" data-lazy=\"1\">\n            <div class=\"image-wrap tf_rel tf_mw\">\n\t\t    <img src=\"http:\/\/imuno-srbija.com\/data-science\/wp-content\/uploads\/2021\/03\/ognjen-400x400.jpg\" height=\"400\" class=\"wp-post-image wp-image-2115\" title=\"Ognjen Zelenbabi\u0107, Head of CI Labs, Content Insights AD\" alt=\"Ognjen Zelenbabi\u0107, Head of CI Labs, Content Insights AD\" srcset=\"http:\/\/imuno-srbija.com\/data-science\/wp-content\/uploads\/2021\/03\/ognjen-400x400.jpg 400w, http:\/\/imuno-srbija.com\/data-science\/wp-content\/uploads\/2021\/03\/ognjen-150x150.jpg 150w, http:\/\/imuno-srbija.com\/data-science\/wp-content\/uploads\/2021\/03\/ognjen-12x12.jpg 12w, http:\/\/imuno-srbija.com\/data-science\/wp-content\/uploads\/2021\/03\/ognjen.jpg 200w\" sizes=\"(max-width: 400px) 100vw, 400px\" \/>\t\n\t\t<\/div>\n\t<!-- \/image-wrap -->\n    \n    \t<div class=\"image-content\">\n\t    \t\t<h3 class=\"image-title\">\n\t\t    \t\t\tOgnjen Zelenbabi\u0107, Head of CI Labs, Content Insights AD\t\t    \t\t<\/h3>\n\t    \n\t    \t<\/div>\n\t<!-- \/image-content -->\n    \n<\/div>\n<!-- \/module image -->\t        <\/div>\n\t    \t<\/div>\n\t\t    <\/div>\n\t    <!-- \/row_inner -->\n\t<\/div>\n\t<!-- \/module_row -->\n\t\t<!-- module_row -->\n\t<div  data-lazy=\"1\" class=\"module_row themify_builder_row tb_vqaf517 tf_clearfix\">\n\t    \t\t<div class=\"row_inner col_align_top tf_box tf_w tf_rel\">\n\t\t\t<div  data-lazy=\"1\" class=\"module_column tb-column col4-1 first tb_7k7y518 tf_box\">\n\t    \t    \t        <div class=\"tb-column-inner tf_box tf_w\">\n\t\t    <!-- module image -->\n<div  class=\"module module-image tb_qmoh518 rounded  image-top auto_fullwidth tf_mw\" data-lazy=\"1\">\n            <div class=\"image-wrap tf_rel tf_mw\">\n\t\t    <img src=\"http:\/\/imuno-srbija.com\/data-science\/wp-content\/uploads\/2021\/03\/nenad-400x400.jpg\" height=\"400\" class=\"wp-post-image wp-image-2120\" title=\"Nenad Bo\u017ei\u0107, CEO &amp; Co Founder, SmartCat\" alt=\"Nenad Bo\u017ei\u0107, CEO &amp; Co Founder, SmartCat\" srcset=\"http:\/\/imuno-srbija.com\/data-science\/wp-content\/uploads\/2021\/03\/nenad-400x400.jpg 400w, http:\/\/imuno-srbija.com\/data-science\/wp-content\/uploads\/2021\/03\/nenad-150x150.jpg 150w, http:\/\/imuno-srbija.com\/data-science\/wp-content\/uploads\/2021\/03\/nenad-12x12.jpg 12w, http:\/\/imuno-srbija.com\/data-science\/wp-content\/uploads\/2021\/03\/nenad.jpg 200w\" sizes=\"(max-width: 400px) 100vw, 400px\" \/>\t\n\t\t<\/div>\n\t<!-- \/image-wrap -->\n    \n    \t<div class=\"image-content\">\n\t    \t\t<h3 class=\"image-title\">\n\t\t    \t\t\tNenad Bo\u017ei\u0107, CEO & Co Founder, SmartCat\t\t    \t\t<\/h3>\n\t    \n\t    \t<\/div>\n\t<!-- \/image-content -->\n    \n<\/div>\n<!-- \/module image -->\t        <\/div>\n\t    \t<\/div>\n\t\t<div  data-lazy=\"1\" class=\"module_column tb-column col4-1 second tb_r84v519 tf_box\">\n\t    \t    \t        <div class=\"tb-column-inner tf_box tf_w\">\n\t\t    <!-- module image -->\n<div  class=\"module module-image tb_d2kz519 rounded  image-top auto_fullwidth tf_mw\" data-lazy=\"1\">\n            <div class=\"image-wrap tf_rel tf_mw\">\n\t\t    <img src=\"http:\/\/imuno-srbija.com\/data-science\/wp-content\/uploads\/2021\/03\/milos-1-400x400.jpg\" height=\"400\" class=\"wp-post-image wp-image-2116\" title=\"Milo\u0161 Bo\u017ei\u0107, Chief Data Scientist, NIS Gazprom Neft\" alt=\"Milo\u0161 Bo\u017ei\u0107, Chief Data Scientist, NIS Gazprom Neft\" srcset=\"http:\/\/imuno-srbija.com\/data-science\/wp-content\/uploads\/2021\/03\/milos-1-400x400.jpg 400w, http:\/\/imuno-srbija.com\/data-science\/wp-content\/uploads\/2021\/03\/milos-1-150x150.jpg 150w, http:\/\/imuno-srbija.com\/data-science\/wp-content\/uploads\/2021\/03\/milos-1-12x12.jpg 12w, http:\/\/imuno-srbija.com\/data-science\/wp-content\/uploads\/2021\/03\/milos-1.jpg 200w\" sizes=\"(max-width: 400px) 100vw, 400px\" \/>\t\n\t\t<\/div>\n\t<!-- \/image-wrap -->\n    \n    \t<div class=\"image-content\">\n\t    \t\t<h3 class=\"image-title\">\n\t\t    \t\t\tMilo\u0161 Bo\u017ei\u0107, Chief Data Scientist, NIS Gazprom Neft\t\t    \t\t<\/h3>\n\t    \n\t    \t<\/div>\n\t<!-- \/image-content -->\n    \n<\/div>\n<!-- \/module image -->\t        <\/div>\n\t    \t<\/div>\n\t\t<div  data-lazy=\"1\" class=\"module_column tb-column col4-1 third tb_ghf9520 tf_box\">\n\t    \t    \t        <div class=\"tb-column-inner tf_box tf_w\">\n\t\t    <!-- module image -->\n<div  class=\"module module-image tb_xb0d520 rounded  image-top auto_fullwidth tf_mw\" data-lazy=\"1\">\n            <div class=\"image-wrap tf_rel tf_mw\">\n\t\t    <img src=\"http:\/\/imuno-srbija.com\/data-science\/wp-content\/uploads\/2021\/03\/branko-400x400.jpg\" height=\"400\" class=\"wp-post-image wp-image-2117\" title=\"Branko Kova\u010d, Senior Data Scientist, NIS Gazprom Neft\" alt=\"Branko Kova\u010d, Senior Data Scientist, NIS Gazprom Neft\" srcset=\"http:\/\/imuno-srbija.com\/data-science\/wp-content\/uploads\/2021\/03\/branko-400x400.jpg 400w, http:\/\/imuno-srbija.com\/data-science\/wp-content\/uploads\/2021\/03\/branko-150x150.jpg 150w, http:\/\/imuno-srbija.com\/data-science\/wp-content\/uploads\/2021\/03\/branko-12x12.jpg 12w, http:\/\/imuno-srbija.com\/data-science\/wp-content\/uploads\/2021\/03\/branko.jpg 200w\" sizes=\"(max-width: 400px) 100vw, 400px\" \/>\t\n\t\t<\/div>\n\t<!-- \/image-wrap -->\n    \n    \t<div class=\"image-content\">\n\t    \t\t<h3 class=\"image-title\">\n\t\t    \t\t\tBranko Kova\u010d, Senior Data Scientist, NIS Gazprom Neft\t\t    \t\t<\/h3>\n\t    \n\t    \t<\/div>\n\t<!-- \/image-content -->\n    \n<\/div>\n<!-- \/module image -->\t        <\/div>\n\t    \t<\/div>\n\t\t<div  data-lazy=\"1\" class=\"module_column tb-column col4-1 last tb_on2j520 tf_box\">\n\t    \t    \t<\/div>\n\t\t    <\/div>\n\t    <!-- \/row_inner -->\n\t<\/div>\n\t<!-- \/module_row -->\n\t<\/div>\n<!--\/themify_builder_content-->","protected":false},"excerpt":{"rendered":"","protected":false},"author":1,"featured_media":0,"parent":0,"menu_order":0,"comment_status":"closed","ping_status":"closed","template":"","meta":[],"_links":{"self":[{"href":"http:\/\/imuno-srbija.com\/data-science\/en\/wp-json\/wp\/v2\/pages\/16"}],"collection":[{"href":"http:\/\/imuno-srbija.com\/data-science\/en\/wp-json\/wp\/v2\/pages"}],"about":[{"href":"http:\/\/imuno-srbija.com\/data-science\/en\/wp-json\/wp\/v2\/types\/page"}],"author":[{"embeddable":true,"href":"http:\/\/imuno-srbija.com\/data-science\/en\/wp-json\/wp\/v2\/users\/1"}],"replies":[{"embeddable":true,"href":"http:\/\/imuno-srbija.com\/data-science\/en\/wp-json\/wp\/v2\/comments?post=16"}],"version-history":[{"count":41,"href":"http:\/\/imuno-srbija.com\/data-science\/en\/wp-json\/wp\/v2\/pages\/16\/revisions"}],"predecessor-version":[{"id":2124,"href":"http:\/\/imuno-srbija.com\/data-science\/en\/wp-json\/wp\/v2\/pages\/16\/revisions\/2124"}],"wp:attachment":[{"href":"http:\/\/imuno-srbija.com\/data-science\/en\/wp-json\/wp\/v2\/media?parent=16"}],"curies":[{"name":"wp","href":"https:\/\/api.w.org\/{rel}","templated":true}]}}